{"id":779,"date":"2023-12-22T10:43:11","date_gmt":"2023-12-22T09:43:11","guid":{"rendered":"https:\/\/zuweiserbetreuung-charite.de\/membership-login-2\/?page_id=779"},"modified":"2024-04-27T10:41:31","modified_gmt":"2024-04-27T08:41:31","slug":"arzt-zu-arzt-gespraech","status":"publish","type":"page","link":"https:\/\/zuweiserbetreuung-charite.de\/membership-login-2\/arzt-zu-arzt-gespraech\/","title":{"rendered":"Arzt zu Arzt Gespr\u00e4ch"},"content":{"rendered":"Sie m\u00fcssen angemeldet sein um den Inhalt dieser Seite zu sehen!","protected":false},"excerpt":{"rendered":"<p>Sie m\u00fcssen angemeldet sein um den Inhalt dieser Seite zu sehen!<\/p>\n","protected":false},"author":1,"featured_media":0,"parent":0,"menu_order":0,"comment_status":"closed","ping_status":"closed","template":"","meta":{"_glsr_average":0,"_glsr_ranking":0,"_glsr_reviews":0,"footnotes":""},"class_list":["post-779","page","type-page","status-publish","hentry"],"_links":{"self":[{"href":"https:\/\/zuweiserbetreuung-charite.de\/membership-login-2\/wp-json\/wp\/v2\/pages\/779","targetHints":{"allow":["GET"]}}],"collection":[{"href":"https:\/\/zuweiserbetreuung-charite.de\/membership-login-2\/wp-json\/wp\/v2\/pages"}],"about":[{"href":"https:\/\/zuweiserbetreuung-charite.de\/membership-login-2\/wp-json\/wp\/v2\/types\/page"}],"author":[{"embeddable":true,"href":"https:\/\/zuweiserbetreuung-charite.de\/membership-login-2\/wp-json\/wp\/v2\/users\/1"}],"replies":[{"embeddable":true,"href":"https:\/\/zuweiserbetreuung-charite.de\/membership-login-2\/wp-json\/wp\/v2\/comments?post=779"}],"version-history":[{"count":10,"href":"https:\/\/zuweiserbetreuung-charite.de\/membership-login-2\/wp-json\/wp\/v2\/pages\/779\/revisions"}],"predecessor-version":[{"id":1099,"href":"https:\/\/zuweiserbetreuung-charite.de\/membership-login-2\/wp-json\/wp\/v2\/pages\/779\/revisions\/1099"}],"wp:attachment":[{"href":"https:\/\/zuweiserbetreuung-charite.de\/membership-login-2\/wp-json\/wp\/v2\/media?parent=779"}],"curies":[{"name":"wp","href":"https:\/\/api.w.org\/{rel}","templated":true}]}}