{"id":1403,"date":"2024-07-19T11:03:04","date_gmt":"2024-07-19T09:03:04","guid":{"rendered":"https:\/\/zuweiserbetreuung-charite.de\/membership-login-2\/?page_id=1403"},"modified":"2024-07-19T11:03:55","modified_gmt":"2024-07-19T09:03:55","slug":"arzt-zu-arzt-gespraech-3-2-2","status":"publish","type":"page","link":"https:\/\/zuweiserbetreuung-charite.de\/membership-login-2\/arzt-zu-arzt-gespraech-3-2-2\/","title":{"rendered":"Arzt zu Arzt Gespr\u00e4ch Notfall- und Akutmedizin"},"content":{"rendered":"Sie m\u00fcssen angemeldet sein um den Inhalt dieser Seite zu sehen!","protected":false},"excerpt":{"rendered":"<p>Sie m\u00fcssen angemeldet sein um den Inhalt dieser Seite zu sehen!<\/p>\n","protected":false},"author":1,"featured_media":0,"parent":0,"menu_order":0,"comment_status":"closed","ping_status":"closed","template":"","meta":{"_glsr_average":0,"_glsr_ranking":0,"_glsr_reviews":0,"footnotes":""},"class_list":["post-1403","page","type-page","status-publish","hentry"],"_links":{"self":[{"href":"https:\/\/zuweiserbetreuung-charite.de\/membership-login-2\/wp-json\/wp\/v2\/pages\/1403","targetHints":{"allow":["GET"]}}],"collection":[{"href":"https:\/\/zuweiserbetreuung-charite.de\/membership-login-2\/wp-json\/wp\/v2\/pages"}],"about":[{"href":"https:\/\/zuweiserbetreuung-charite.de\/membership-login-2\/wp-json\/wp\/v2\/types\/page"}],"author":[{"embeddable":true,"href":"https:\/\/zuweiserbetreuung-charite.de\/membership-login-2\/wp-json\/wp\/v2\/users\/1"}],"replies":[{"embeddable":true,"href":"https:\/\/zuweiserbetreuung-charite.de\/membership-login-2\/wp-json\/wp\/v2\/comments?post=1403"}],"version-history":[{"count":4,"href":"https:\/\/zuweiserbetreuung-charite.de\/membership-login-2\/wp-json\/wp\/v2\/pages\/1403\/revisions"}],"predecessor-version":[{"id":1407,"href":"https:\/\/zuweiserbetreuung-charite.de\/membership-login-2\/wp-json\/wp\/v2\/pages\/1403\/revisions\/1407"}],"wp:attachment":[{"href":"https:\/\/zuweiserbetreuung-charite.de\/membership-login-2\/wp-json\/wp\/v2\/media?parent=1403"}],"curies":[{"name":"wp","href":"https:\/\/api.w.org\/{rel}","templated":true}]}}