{"id":1055,"date":"2024-04-21T10:28:23","date_gmt":"2024-04-21T08:28:23","guid":{"rendered":"https:\/\/zuweiserbetreuung-charite.de\/membership-login-2\/?page_id=1055"},"modified":"2024-09-03T09:31:09","modified_gmt":"2024-09-03T07:31:09","slug":"arzt-zu-arzt-gespraech-3","status":"publish","type":"page","link":"https:\/\/zuweiserbetreuung-charite.de\/membership-login-2\/arzt-zu-arzt-gespraech-3\/","title":{"rendered":"Arzt zu Arzt Gespr\u00e4ch Derma"},"content":{"rendered":"Sie m\u00fcssen angemeldet sein um den Inhalt dieser Seite zu sehen!","protected":false},"excerpt":{"rendered":"<p>Sie m\u00fcssen angemeldet sein um den Inhalt dieser Seite zu sehen!<\/p>\n","protected":false},"author":1,"featured_media":0,"parent":0,"menu_order":0,"comment_status":"closed","ping_status":"closed","template":"","meta":{"_glsr_average":0,"_glsr_ranking":0,"_glsr_reviews":0,"footnotes":""},"class_list":["post-1055","page","type-page","status-publish","hentry"],"_links":{"self":[{"href":"https:\/\/zuweiserbetreuung-charite.de\/membership-login-2\/wp-json\/wp\/v2\/pages\/1055","targetHints":{"allow":["GET"]}}],"collection":[{"href":"https:\/\/zuweiserbetreuung-charite.de\/membership-login-2\/wp-json\/wp\/v2\/pages"}],"about":[{"href":"https:\/\/zuweiserbetreuung-charite.de\/membership-login-2\/wp-json\/wp\/v2\/types\/page"}],"author":[{"embeddable":true,"href":"https:\/\/zuweiserbetreuung-charite.de\/membership-login-2\/wp-json\/wp\/v2\/users\/1"}],"replies":[{"embeddable":true,"href":"https:\/\/zuweiserbetreuung-charite.de\/membership-login-2\/wp-json\/wp\/v2\/comments?post=1055"}],"version-history":[{"count":7,"href":"https:\/\/zuweiserbetreuung-charite.de\/membership-login-2\/wp-json\/wp\/v2\/pages\/1055\/revisions"}],"predecessor-version":[{"id":1457,"href":"https:\/\/zuweiserbetreuung-charite.de\/membership-login-2\/wp-json\/wp\/v2\/pages\/1055\/revisions\/1457"}],"wp:attachment":[{"href":"https:\/\/zuweiserbetreuung-charite.de\/membership-login-2\/wp-json\/wp\/v2\/media?parent=1055"}],"curies":[{"name":"wp","href":"https:\/\/api.w.org\/{rel}","templated":true}]}}