{"id":10,"date":"2023-08-03T13:23:07","date_gmt":"2023-08-03T11:23:07","guid":{"rendered":"https:\/\/zuweiserbetreuung-charite.de\/membership-login\/password-reset\/"},"modified":"2023-10-14T16:14:06","modified_gmt":"2023-10-14T14:14:06","slug":"password-reset","status":"publish","type":"page","link":"https:\/\/zuweiserbetreuung-charite.de\/membership-login-2\/membership-login\/password-reset\/","title":{"rendered":"Passwort zur\u00fccksetzen"},"content":{"rendered":"\t\t<div data-elementor-type=\"wp-page\" data-elementor-id=\"10\" class=\"elementor elementor-10\">\n\t\t\t\t\t\t<section class=\"elementor-section elementor-top-section elementor-element elementor-element-685bb0c8 elementor-section-boxed elementor-section-height-default elementor-section-height-default\" data-id=\"685bb0c8\" data-element_type=\"section\">\n\t\t\t\t\t\t<div class=\"elementor-container elementor-column-gap-default\">\n\t\t\t\t\t<div class=\"elementor-column elementor-col-100 elementor-top-column elementor-element elementor-element-3a12de3e\" data-id=\"3a12de3e\" data-element_type=\"column\">\n\t\t\t<div class=\"elementor-widget-wrap elementor-element-populated\">\n\t\t\t\t\t\t<div class=\"elementor-element elementor-element-7dbd707b elementor-widget elementor-widget-spacer\" data-id=\"7dbd707b\" data-element_type=\"widget\" data-widget_type=\"spacer.default\">\n\t\t\t\t<div class=\"elementor-widget-container\">\n\t\t\t\t\t\t\t<div class=\"elementor-spacer\">\n\t\t\t<div class=\"elementor-spacer-inner\"><\/div>\n\t\t<\/div>\n\t\t\t\t\t\t<\/div>\n\t\t\t\t<\/div>\n\t\t\t\t<div class=\"elementor-element elementor-element-62521776 elementor-widget elementor-widget-testimonial\" data-id=\"62521776\" data-element_type=\"widget\" data-widget_type=\"testimonial.default\">\n\t\t\t\t<div class=\"elementor-widget-container\">\n\t\t\t\t\t\t\t<div class=\"elementor-testimonial-wrapper\">\n\t\t\t\t\t\t\t<div class=\"elementor-testimonial-content\">Sie ben\u00f6tigen Hilfe? Nutzen Sie das unten angef\u00fcgte Formular und senden Sie uns eine Nachricht! \nIhr Team der Zuweiserbetreuung meldet sich umgehend bei Ihnen!<\/div>\n\t\t\t\n\t\t\t\t\t\t<div class=\"elementor-testimonial-meta elementor-has-image elementor-testimonial-image-position-top\">\n\t\t\t\t<div class=\"elementor-testimonial-meta-inner\">\n\t\t\t\t\t\t\t\t\t\t\t<div class=\"elementor-testimonial-image\">\n\t\t\t\t\t\t\t<img fetchpriority=\"high\" decoding=\"async\" width=\"940\" height=\"420\" src=\"https:\/\/zuweiserbetreuung-charite.de\/wp-content\/uploads\/2023\/08\/csm_buehne_zpm-1_940x420_56decd324c.jpg\" class=\"attachment-full size-full wp-image-53\" alt=\"\" srcset=\"https:\/\/zuweiserbetreuung-charite.de\/wp-content\/uploads\/2023\/08\/csm_buehne_zpm-1_940x420_56decd324c.jpg 940w, https:\/\/zuweiserbetreuung-charite.de\/wp-content\/uploads\/2023\/08\/csm_buehne_zpm-1_940x420_56decd324c-300x134.jpg 300w, https:\/\/zuweiserbetreuung-charite.de\/wp-content\/uploads\/2023\/08\/csm_buehne_zpm-1_940x420_56decd324c-768x343.jpg 768w\" sizes=\"(max-width: 940px) 100vw, 940px\" \/>\t\t\t\t\t\t<\/div>\n\t\t\t\t\t\n\t\t\t\t\t\t\t\t\t\t<div class=\"elementor-testimonial-details\">\n\t\t\t\t\t\t\t\t\t\t\t\t\t\t<div class=\"elementor-testimonial-name\">Thomas Pohl<\/div>\n\t\t\t\t\t\t\t\t\t\t\t\t\t\t\t\t\t\t\t\t\t\t<div class=\"elementor-testimonial-job\">Zuweiserbetreuung<\/div>\n\t\t\t\t\t\t\t\t\t\t\t\t\t<\/div>\n\t\t\t\t\t\t\t\t\t<\/div>\n\t\t\t<\/div>\n\t\t\t\t\t<\/div>\n\t\t\t\t\t\t<\/div>\n\t\t\t\t<\/div>\n\t\t\t\t<div class=\"elementor-element elementor-element-a556ac0 elementor-widget elementor-widget-spacer\" data-id=\"a556ac0\" data-element_type=\"widget\" data-widget_type=\"spacer.default\">\n\t\t\t\t<div class=\"elementor-widget-container\">\n\t\t\t\t\t\t\t<div class=\"elementor-spacer\">\n\t\t\t<div class=\"elementor-spacer-inner\"><\/div>\n\t\t<\/div>\n\t\t\t\t\t\t<\/div>\n\t\t\t\t<\/div>\n\t\t\t\t\t<\/div>\n\t\t<\/div>\n\t\t\t\t\t<\/div>\n\t\t<\/section>\n\t\t\t\t<section class=\"elementor-section elementor-top-section elementor-element elementor-element-3115a323 elementor-section-boxed elementor-section-height-default elementor-section-height-default\" data-id=\"3115a323\" data-element_type=\"section\">\n\t\t\t\t\t\t<div class=\"elementor-container elementor-column-gap-default\">\n\t\t\t\t\t<div class=\"elementor-column elementor-col-100 elementor-top-column elementor-element elementor-element-7e31cf56\" data-id=\"7e31cf56\" data-element_type=\"column\">\n\t\t\t<div class=\"elementor-widget-wrap elementor-element-populated\">\n\t\t\t\t\t\t<div class=\"elementor-element elementor-element-4322b46 elementor-invisible elementor-widget elementor-widget-text-editor\" data-id=\"4322b46\" data-element_type=\"widget\" data-settings=\"{&quot;_animation&quot;:&quot;fadeInRight&quot;,&quot;_animation_delay&quot;:500}\" data-widget_type=\"text-editor.default\">\n\t\t\t\t<div class=\"elementor-widget-container\">\n\t\t\t\t\t\t\t\t\t<h6><span style=\"color: #ffffff;\"><span style=\"color: #adaaaa;\">Wenn Sie zun\u00e4chst nur Ihr Passwort zur\u00fccksetzten m\u00f6chten nutzen Sie die hier angebotene Funktion. Das neue Passwort erhalten Sie umgehend per Email!<\/span><br \/><\/span><\/h6>\t\t\t\t\t\t\t\t<\/div>\n\t\t\t\t<\/div>\n\t\t\t\t<div class=\"elementor-element elementor-element-328a338 elementor-widget elementor-widget-shortcode\" data-id=\"328a338\" data-element_type=\"widget\" data-widget_type=\"shortcode.default\">\n\t\t\t\t<div class=\"elementor-widget-container\">\n\t\t\t\t\t\t\t<div class=\"elementor-shortcode\"><div class=\"swpm-pw-reset-widget-form\">\n    <form id=\"swpm-pw-reset-form\" name=\"swpm-reset-form\" method=\"post\" action=\"\">\n        <div class=\"swpm-pw-reset-widget-inside\">\n            <div class=\"swpm-pw-reset-email swpm-margin-top-10\">\n                <label for=\"swpm_reset_email\" class=\"swpm_label swpm-pw-reset-email-label\">E-Mail-Adresse<\/label>\n            <\/div>\n            <div class=\"swpm-pw-reset-email-input swpm-margin-top-10\">\n                <input type=\"text\" name=\"swpm_reset_email\" class=\"swpm-text-field swpm-pw-reset-text\" id=\"swpm_reset_email\"  value=\"\" size=\"30\" \/>\n            <\/div>\n            <div class=\"swpm-before-login-submit-section\"><\/div>\n            <div class=\"swpm-pw-reset-submit-button\">\n                <input type=\"submit\" name=\"swpm-reset\" class=\"swpm-pw-reset-submit\" value=\"Passwort zur\u00fccksetzen\" \/>\n            <\/div>\n        <\/div>\n    <\/form>\n<\/div>\n<div class=\"swpm_pass_reset_processing_msg_section\">\n    <p id=\"swpm_pass_reset_processing_msg\" hidden=\"hidden\">\n        Processing password reset request...    <\/p>\n<\/div>\n<script>\n  document.getElementById(\"swpm-pw-reset-form\").addEventListener(\"submit\", function() {\n  let p = document.getElementById('swpm_pass_reset_processing_msg');\n    p.removeAttribute(\"hidden\");\n  });\n<\/script>\n<\/div>\n\t\t\t\t\t\t<\/div>\n\t\t\t\t<\/div>\n\t\t\t\t\t<\/div>\n\t\t<\/div>\n\t\t\t\t\t<\/div>\n\t\t<\/section>\n\t\t\t\t<section class=\"elementor-section elementor-top-section elementor-element elementor-element-87b9387 elementor-section-boxed elementor-section-height-default elementor-section-height-default\" data-id=\"87b9387\" data-element_type=\"section\">\n\t\t\t\t\t\t<div class=\"elementor-container elementor-column-gap-default\">\n\t\t\t\t\t<div class=\"elementor-column elementor-col-100 elementor-top-column elementor-element elementor-element-004dced\" data-id=\"004dced\" data-element_type=\"column\">\n\t\t\t<div class=\"elementor-widget-wrap elementor-element-populated\">\n\t\t\t\t\t\t<div class=\"elementor-element elementor-element-4e3048e elementor-widget elementor-widget-spacer\" data-id=\"4e3048e\" data-element_type=\"widget\" data-widget_type=\"spacer.default\">\n\t\t\t\t<div class=\"elementor-widget-container\">\n\t\t\t\t\t\t\t<div class=\"elementor-spacer\">\n\t\t\t<div class=\"elementor-spacer-inner\"><\/div>\n\t\t<\/div>\n\t\t\t\t\t\t<\/div>\n\t\t\t\t<\/div>\n\t\t\t\t\t<\/div>\n\t\t<\/div>\n\t\t\t\t\t<\/div>\n\t\t<\/section>\n\t\t\t\t<section class=\"elementor-section elementor-top-section elementor-element elementor-element-475e00af elementor-section-boxed elementor-section-height-default elementor-section-height-default\" data-id=\"475e00af\" data-element_type=\"section\">\n\t\t\t\t\t\t<div class=\"elementor-container elementor-column-gap-default\">\n\t\t\t\t\t<div class=\"elementor-column elementor-col-100 elementor-top-column elementor-element elementor-element-c301adf\" data-id=\"c301adf\" data-element_type=\"column\">\n\t\t\t<div class=\"elementor-widget-wrap elementor-element-populated\">\n\t\t\t\t\t\t<div class=\"elementor-element elementor-element-4e0a5dc4 elementor-widget elementor-widget-text-editor\" data-id=\"4e0a5dc4\" data-element_type=\"widget\" data-widget_type=\"text-editor.default\">\n\t\t\t\t<div class=\"elementor-widget-container\">\n\t\t\t\t\t\t\t\t\t\n<div class=\"wpcf7 no-js\" id=\"wpcf7-f331-o1\" lang=\"de-DE\" dir=\"ltr\" data-wpcf7-id=\"331\">\n<div class=\"screen-reader-response\"><p role=\"status\" aria-live=\"polite\" aria-atomic=\"true\"><\/p> <ul><\/ul><\/div>\n<form action=\"\/membership-login-2\/wp-json\/wp\/v2\/pages\/10#wpcf7-f331-o1\" method=\"post\" class=\"wpcf7-form init\" aria-label=\"Kontaktformular\" novalidate=\"novalidate\" data-status=\"init\">\n<div style=\"display: none;\">\n<input type=\"hidden\" name=\"_wpcf7\" value=\"331\" \/>\n<input type=\"hidden\" name=\"_wpcf7_version\" value=\"6.0.3\" \/>\n<input type=\"hidden\" name=\"_wpcf7_locale\" value=\"de_DE\" \/>\n<input type=\"hidden\" name=\"_wpcf7_unit_tag\" value=\"wpcf7-f331-o1\" \/>\n<input type=\"hidden\" name=\"_wpcf7_container_post\" value=\"0\" \/>\n<input type=\"hidden\" name=\"_wpcf7_posted_data_hash\" value=\"\" \/>\n<\/div>\n<p><label> Ihr Name<br \/>\n<span class=\"wpcf7-form-control-wrap\" data-name=\"your-name\"><input size=\"40\" maxlength=\"400\" class=\"wpcf7-form-control wpcf7-text wpcf7-validates-as-required\" autocomplete=\"name\" aria-required=\"true\" aria-invalid=\"false\" value=\"\" type=\"text\" name=\"your-name\" \/><\/span> <\/label>\n<\/p>\n<p><label> Ihre E-Mail-Adresse<br \/>\n<span class=\"wpcf7-form-control-wrap\" data-name=\"your-email\"><input size=\"40\" maxlength=\"400\" class=\"wpcf7-form-control wpcf7-email wpcf7-validates-as-required wpcf7-text wpcf7-validates-as-email\" autocomplete=\"email\" aria-required=\"true\" aria-invalid=\"false\" value=\"\" type=\"email\" name=\"your-email\" \/><\/span> <\/label>\n<\/p>\n<p><label> Betreff<br \/>\n<span class=\"wpcf7-form-control-wrap\" data-name=\"your-subject\"><input size=\"40\" maxlength=\"400\" class=\"wpcf7-form-control wpcf7-text wpcf7-validates-as-required\" aria-required=\"true\" aria-invalid=\"false\" value=\"\" type=\"text\" name=\"your-subject\" \/><\/span> <\/label>\n<\/p>\n<p><label> Ihre Nachricht (optional)<br \/>\n<span class=\"wpcf7-form-control-wrap\" data-name=\"your-message\"><textarea cols=\"40\" rows=\"10\" maxlength=\"2000\" class=\"wpcf7-form-control wpcf7-textarea\" aria-invalid=\"false\" name=\"your-message\"><\/textarea><\/span> <\/label>\n<\/p>\n<p><input class=\"wpcf7-form-control wpcf7-submit has-spinner\" type=\"submit\" value=\"Senden\" \/>\n<\/p><div class=\"wpcf7-response-output\" aria-hidden=\"true\"><\/div>\n<\/form>\n<\/div>\n\t\t\t\t\t\t\t\t<\/div>\n\t\t\t\t<\/div>\n\t\t\t\t\t<\/div>\n\t\t<\/div>\n\t\t\t\t\t<\/div>\n\t\t<\/section>\n\t\t\t\t<\/div>\n\t\t","protected":false},"excerpt":{"rendered":"<p>\/*! elementor &#8211; v3.15.0 &#8211; 02-08-2023 *\/<br \/>\n.elementor-column .elementor-spacer-inner{height:var(&#8211;spacer-size)}.e-con{&#8211;container-widget-width:100%}.e-con-inner>.elementor-widget-spacer,.e-con>.elementor-widget-spacer{width:var(&#8211;container-widget-width,var(&#8211;spacer-size));&#8211;align-self:var(&#8211;container-widget-align-self,initial);&#8211;flex-shrink:0}.e-con-inner>.elementor-widget-spacer>.elementor-widget-container,.e-con-inner>.elementor-widget-spacer>.elementor-widget-container>.elementor-spacer,.e-con>.elementor-widget-spacer>.elementor-widget-container,.e-con>.elementor-widget-spacer>.elementor-widget-container>.elementor-spacer{height:100%}.e-con-inner>.elementor-widget-spacer>.elementor-widget-container>.elementor-spacer>.elementor-spacer-inner,.e-con>.elementor-widget-spacer>.elementor-widget-container>.elementor-spacer>.elementor-spacer-inner{height:var(&#8211;container-widget-height,var(&#8211;spacer-size))}<br \/>\n\/*! elementor &#8211; v3.15.0 &#8211; 02-08-2023 *\/<br \/>\n.elementor-testimonial-wrapper{overflow:hidden;text-align:center}.elementor-testimonial-wrapper .elementor-testimonial-content{font-size:1.3em;margin-bottom:20px}.elementor-testimonial-wrapper .elementor-testimonial-name{line-height:1.5;display:block}.elementor-testimonial-wrapper .elementor-testimonial-job{font-size:.85em;display:block}.elementor-testimonial-wrapper .elementor-testimonial-meta{width:100%;line-height:1}.elementor-testimonial-wrapper .elementor-testimonial-meta-inner{display:inline-block}.elementor-testimonial-wrapper .elementor-testimonial-meta .elementor-testimonial-details,.elementor-testimonial-wrapper .elementor-testimonial-meta .elementor-testimonial-image{display:table-cell;vertical-align:middle}.elementor-testimonial-wrapper .elementor-testimonial-meta .elementor-testimonial-image img{width:60px;height:60px;border-radius:50%;-o-object-fit:cover;object-fit:cover;max-width:none}.elementor-testimonial-wrapper .elementor-testimonial-meta.elementor-testimonial-image-position-aside .elementor-testimonial-image{padding-right:15px}.elementor-testimonial-wrapper .elementor-testimonial-meta.elementor-testimonial-image-position-aside .elementor-testimonial-details{text-align:left}.elementor-testimonial-wrapper &#8230;<\/p>\n","protected":false},"author":1,"featured_media":0,"parent":8,"menu_order":0,"comment_status":"closed","ping_status":"closed","template":"","meta":{"_glsr_average":0,"_glsr_ranking":0,"_glsr_reviews":0,"footnotes":""},"class_list":["post-10","page","type-page","status-publish","hentry"],"_links":{"self":[{"href":"https:\/\/zuweiserbetreuung-charite.de\/membership-login-2\/wp-json\/wp\/v2\/pages\/10","targetHints":{"allow":["GET"]}}],"collection":[{"href":"https:\/\/zuweiserbetreuung-charite.de\/membership-login-2\/wp-json\/wp\/v2\/pages"}],"about":[{"href":"https:\/\/zuweiserbetreuung-charite.de\/membership-login-2\/wp-json\/wp\/v2\/types\/page"}],"author":[{"embeddable":true,"href":"https:\/\/zuweiserbetreuung-charite.de\/membership-login-2\/wp-json\/wp\/v2\/users\/1"}],"replies":[{"embeddable":true,"href":"https:\/\/zuweiserbetreuung-charite.de\/membership-login-2\/wp-json\/wp\/v2\/comments?post=10"}],"version-history":[{"count":10,"href":"https:\/\/zuweiserbetreuung-charite.de\/membership-login-2\/wp-json\/wp\/v2\/pages\/10\/revisions"}],"predecessor-version":[{"id":648,"href":"https:\/\/zuweiserbetreuung-charite.de\/membership-login-2\/wp-json\/wp\/v2\/pages\/10\/revisions\/648"}],"up":[{"embeddable":true,"href":"https:\/\/zuweiserbetreuung-charite.de\/membership-login-2\/wp-json\/wp\/v2\/pages\/8"}],"wp:attachment":[{"href":"https:\/\/zuweiserbetreuung-charite.de\/membership-login-2\/wp-json\/wp\/v2\/media?parent=10"}],"curies":[{"name":"wp","href":"https:\/\/api.w.org\/{rel}","templated":true}]}}